{"id":18,"date":"2025-07-24T04:46:46","date_gmt":"2025-07-24T04:46:46","guid":{"rendered":"https:\/\/www.buroturisticodelnorte.org\/aula\/pagina-de-registro-para-instructores\/"},"modified":"2025-07-24T04:46:46","modified_gmt":"2025-07-24T04:46:46","slug":"pagina-de-registro-para-instructores","status":"publish","type":"page","link":"https:\/\/www.buroturisticodelnorte.org\/aula\/pagina-de-registro-para-instructores\/","title":{"rendered":"P\u00e1gina de registro para instructores"},"content":{"rendered":"\n\n<div class=\"z-register-form\">\n\t\n\t<div class=\"row no-margin\">\n\t\t<div class=\"col-12 col-md-5 register-content-left\">\n\t\t\t<span class=\"img-register\">\n\t\t\t\t<img decoding=\"async\" src=\"https:\/\/www.buroturisticodelnorte.org\/aula\/wp-content\/themes\/zilom\/images\/register.png\" alt=\"register\" \/>\n\t\t\t<\/span>\n\t\t\t<div class=\"content-inner\">\n\t\t\t\t<div class=\"quick-login\">\n\t\t\t\t\t<span class=\"text\">Ya eres miembro<\/span>\n\t\t\t\t\t<a class=\"btn-theme btn-small login-link\" href=\"#\" data-toggle=\"modal\" data-target=\"#form-ajax-login-popup\">\n\t\t\t\t\t\tAcceder\t\t\t\t\t<\/a>\n\t\t\t\t<\/div>\n\t\t\t<\/div>\n\t\t<\/div>\n\n\t\t<div class=\"register-form-content col-12 col-md-7\">\n\t\t\t\t\t\t\n\t\t\t<h2 class=\"form-title\">Crea una cuenta gratis<\/h2>\n\t\t\t<div class=\"form-des\">A unos pocos clicks de crear tu cuenta.<\/div>\n\t\t\t<div class=\"form-links\">\n\t\t\t\t<a href=\"https:\/\/www.buroturisticodelnorte.org\/aula\/registro-de-estudiante\/\">Estudiante<\/a>\n\t\t\t\t<a class=\"active\">Instructor<\/a>\n\t\t\t<\/div>\n\n\t\t\t<form method=\"post\" enctype=\"multipart\/form-data\">\n\n\t\t\t\t\t\t\t\t<input type=\"hidden\" id=\"_tutor_nonce\" name=\"_tutor_nonce\" value=\"79ba084d2b\" \/><input type=\"hidden\" name=\"_wp_http_referer\" value=\"\/aula\/wp-json\/wp\/v2\/pages\/18\" \/>\t\t\t\t<input type=\"hidden\" value=\"tutor_register_instructor\" name=\"tutor_action\"\/>\n\n\t\t\t \t\n\t\t\t \t<div class=\"tutor-form-row\">\n\t\t\t\t  \t<div class=\"tutor-form-col-6\">\n\t\t\t\t\t\t<div class=\"tutor-form-group\">\n\t\t\t\t\t\t\t<label>Nombres <\/label>\n\t\t\t\t\t\t\t<input type=\"text\" name=\"first_name\" value=\"\" placeholder=\"Nombres\" required autocomplete=\"given-name\">\n\t\t\t\t\t\t<\/div>\n\t\t\t\t  \t<\/div>\n\t\t\t\t  \t<div class=\"tutor-form-col-6\">\n\t\t\t\t\t\t<div class=\"tutor-form-group\">\n\t\t\t\t\t\t\t<label>Apellidos<\/label>\n\t\t\t\t\t\t\t<input type=\"text\" name=\"last_name\" value=\"\" placeholder=\"Apellidos\" required autocomplete=\"family-name\">\n\t\t\t\t\t\t<\/div>\n\t\t\t\t  \t<\/div>\n\t\t\t \t<\/div>\n\n\t\t\t \t<div class=\"tutor-form-row\">\n\t\t\t\t  \t<div class=\"tutor-form-col-6\">\n\t\t\t\t\t\t<div class=\"tutor-form-group\">\n\t\t\t\t\t\t\t<label>Usuario<\/label>\n\t\t\t\t\t\t\t<input type=\"text\" name=\"user_login\" class=\"tutor_user_name\" value=\"\" placeholder=\"Usuario\" required autocomplete=\"username\">\n\t\t\t\t\t\t<\/div>\n\t\t\t\t  \t<\/div>\n\n\t\t\t\t  \t<div class=\"tutor-form-col-6\">\n\t\t\t\t\t\t<div class=\"tutor-form-group\">\n\t\t\t\t\t\t\t<label>E-Mail<\/label>\n\t\t\t\t\t\t\t<input type=\"text\" name=\"email\" value=\"\" placeholder=\"E-Mail\" required autocomplete=\"email\">\n\t\t\t\t\t\t<\/div>\n\t\t\t\t  \t<\/div>\n\t\t\t \t<\/div>\n\n\t\t\t\t<div class=\"tutor-form-row\">\n\t\t\t\t\t<div class=\"tutor-form-col-6\">\n\t\t\t\t\t\t<div class=\"tutor-form-group\">\n\t\t\t\t\t\t\t<label>Contrase\u00f1a<\/label>\n\t\t\t\t\t\t\t<input type=\"password\" name=\"password\" value=\"\" placeholder=\"Contrase\u00f1a\" required autocomplete=\"new-password\">\n\t\t\t\t\t\t<\/div>\n\t\t\t\t\t<\/div>\n\n\t\t\t\t\t<div class=\"tutor-form-col-6\">\n\t\t\t\t\t\t<div class=\"tutor-form-group\">\n\t\t\t\t\t\t\t<label>Confirma tu Contrase\u00f1a<\/label>\n\t\t\t\t\t\t\t<input type=\"password\" name=\"password_confirmation\" value=\"\" placeholder=\"Confirma tu Contrase\u00f1a\" required autocomplete=\"new-password\">\n\t\t\t\t\t\t<\/div>\n\t\t\t\t\t<\/div>\n\t\t\t\t<\/div>\n\n\t\t\t \t<div class=\"tutor-form-row\">\n\t\t\t\t  \t<div class=\"tutor-form-col-12\">\n\t\t\t\t\t\t<div class=\"tutor-form-group\">\n\t\t\t\t\t\t\t\t\t\t\t\t\t<\/div>\n\t\t\t\t  \t<\/div>\n\t\t\t \t<\/div> \n\n \t\t\t\t\n\t\t\t \t<div class=\"tutor-form-row\">\n\t\t\t\t  \t<div class=\"tutor-form-col-12\">\n\t\t\t\t\t\t<div class=\"tutor-form-group tutor-reg-form-btn-wrap\">\n\t\t\t\t\t\t\t<button type=\"submit\" name=\"tutor_register_instructor_btn\" value=\"register\" class=\"tutor-button\">Reg\u00edstrate como Formador<\/button>\n\t\t\t\t\t\t<\/div>\n\t\t\t\t  \t<\/div>\n\t\t\t \t<\/div>\n\t\t\t<\/form>\n\t\t\t\n\t\t<\/div>\n\t<\/div>      \n<\/div>    ","protected":false},"excerpt":{"rendered":"<p>Ya eres miembro Acceder Crea una cuenta gratis A unos pocos clicks de crear tu cuenta. Estudiante Instructor Nombres Apellidos Usuario E-Mail Contrase\u00f1a Confirma tu Contrase\u00f1a Reg\u00edstrate como Formador<\/p>\n","protected":false},"author":1,"featured_media":0,"parent":0,"menu_order":0,"comment_status":"closed","ping_status":"closed","template":"","meta":{"footnotes":""},"class_list":["post-18","page","type-page","status-publish","hentry"],"_links":{"self":[{"href":"https:\/\/www.buroturisticodelnorte.org\/aula\/wp-json\/wp\/v2\/pages\/18","targetHints":{"allow":["GET"]}}],"collection":[{"href":"https:\/\/www.buroturisticodelnorte.org\/aula\/wp-json\/wp\/v2\/pages"}],"about":[{"href":"https:\/\/www.buroturisticodelnorte.org\/aula\/wp-json\/wp\/v2\/types\/page"}],"author":[{"embeddable":true,"href":"https:\/\/www.buroturisticodelnorte.org\/aula\/wp-json\/wp\/v2\/users\/1"}],"replies":[{"embeddable":true,"href":"https:\/\/www.buroturisticodelnorte.org\/aula\/wp-json\/wp\/v2\/comments?post=18"}],"version-history":[{"count":0,"href":"https:\/\/www.buroturisticodelnorte.org\/aula\/wp-json\/wp\/v2\/pages\/18\/revisions"}],"wp:attachment":[{"href":"https:\/\/www.buroturisticodelnorte.org\/aula\/wp-json\/wp\/v2\/media?parent=18"}],"curies":[{"name":"wp","href":"https:\/\/api.w.org\/{rel}","templated":true}]}}